{"id":942,"date":"2025-09-11T23:47:29","date_gmt":"2025-09-11T23:47:29","guid":{"rendered":"https:\/\/icarosoulmelody.com\/?post_type=product&#038;p=942"},"modified":"2025-09-11T23:52:38","modified_gmt":"2025-09-11T23:52:38","slug":"chakana-frequency-purple-windbreaker","status":"publish","type":"product","link":"https:\/\/icarosoulmelody.com\/index.php\/product\/chakana-frequency-purple-windbreaker\/","title":{"rendered":"CHAKANA FREQUENCY PURPLE WINDBREAKER"},"content":{"rendered":"<p>Cortaviento impermeable h\u00edbrido, dise\u00f1ado con un corte especial de ventilaci\u00f3n en la espalda que mejora la transpirabilidad, cierre YKK de alta resistencia y un forro de malla combinado con mangas de algod\u00f3n que aportan mayor confort. Incorpora adem\u00e1s tela t\u00e9rmica que regula la temperatura del cuerpo y bolsillos secretos <em data-start=\"438\" data-end=\"451\">smell proof.<\/em><\/p>\n<p>Su dise\u00f1o incluye una cobertura inspirada en las frecuencias de la Chakana, s\u00edmbolo de conexi\u00f3n y equilibrio, que aporta un toque m\u00edstico y \u00fanico a la prenda.<\/p>\n","protected":false},"excerpt":{"rendered":"<ul>\n<li style=\"font-weight: 400;\">Lined interior, cotton in sleeve lining.<\/li>\n<li>YKK Zippers.<\/li>\n<li>Thermal Fabric.<\/li>\n<li>Advanced Ventilation.<\/li>\n<li>Lightwight, windproof and water \u2013 resistant material.<\/li>\n<li>Secret smell proof pocket.<\/li>\n<\/ul>\n","protected":false},"featured_media":938,"template":"","meta":[],"product_cat":[26,32,24],"product_tag":[],"class_list":{"0":"post-942","1":"product","2":"type-product","3":"status-publish","4":"has-post-thumbnail","6":"product_cat-jackets","7":"product_cat-the-world-is-ours","8":"product_cat-tops","10":"first","11":"instock","12":"shipping-taxable","13":"purchasable","14":"product-type-variable"},"_links":{"self":[{"href":"https:\/\/icarosoulmelody.com\/index.php\/wp-json\/wp\/v2\/product\/942","targetHints":{"allow":["GET"]}}],"collection":[{"href":"https:\/\/icarosoulmelody.com\/index.php\/wp-json\/wp\/v2\/product"}],"about":[{"href":"https:\/\/icarosoulmelody.com\/index.php\/wp-json\/wp\/v2\/types\/product"}],"wp:featuredmedia":[{"embeddable":true,"href":"https:\/\/icarosoulmelody.com\/index.php\/wp-json\/wp\/v2\/media\/938"}],"wp:attachment":[{"href":"https:\/\/icarosoulmelody.com\/index.php\/wp-json\/wp\/v2\/media?parent=942"}],"wp:term":[{"taxonomy":"product_cat","embeddable":true,"href":"https:\/\/icarosoulmelody.com\/index.php\/wp-json\/wp\/v2\/product_cat?post=942"},{"taxonomy":"product_tag","embeddable":true,"href":"https:\/\/icarosoulmelody.com\/index.php\/wp-json\/wp\/v2\/product_tag?post=942"}],"curies":[{"name":"wp","href":"https:\/\/api.w.org\/{rel}","templated":true}]}}