{"id":917,"date":"2025-09-05T00:22:54","date_gmt":"2025-09-05T00:22:54","guid":{"rendered":"https:\/\/icarosoulmelody.com\/?post_type=product&#038;p=917"},"modified":"2025-09-10T00:52:15","modified_gmt":"2025-09-10T00:52:15","slug":"icaro-black-cargo-pant","status":"publish","type":"product","link":"https:\/\/icarosoulmelody.com\/index.php\/product\/icaro-black-cargo-pant\/","title":{"rendered":"ICARO BLACK CARGO PANT"},"content":{"rendered":"<p>Pantal\u00f3n cargo cortaviento negro impermeable. Dise\u00f1ado con bolsillos funcionales y cierres YKK de alta resistencia. Su forro de algod\u00f3n con tela herm\u00e9tica mantiene una temperatura c\u00e1lida y confortable. Incluye una correa regulable integrada para un ajuste c\u00f3modo y preciso.<\/p>\n","protected":false},"excerpt":{"rendered":"<ul>\n<li style=\"font-weight: 400;\"><span style=\"font-weight: 400;\">Tela cortaviento herm\u00e9tica<\/span><\/li>\n<li>Forro de 100% algod\u00f3n<\/li>\n<li style=\"font-weight: 400;\">Broches inoxidables<\/li>\n<li style=\"font-weight: 400;\">Cierres YKK<\/li>\n<li>Correa reguladora<\/li>\n<li>Unisex<\/li>\n<\/ul>\n","protected":false},"featured_media":929,"template":"","meta":[],"product_cat":[25,32],"product_tag":[22],"class_list":{"0":"post-917","1":"product","2":"type-product","3":"status-publish","4":"has-post-thumbnail","6":"product_cat-bottoms","7":"product_cat-the-world-is-ours","8":"product_tag-t-shirt","10":"first","11":"instock","12":"shipping-taxable","13":"purchasable","14":"product-type-variable"},"_links":{"self":[{"href":"https:\/\/icarosoulmelody.com\/index.php\/wp-json\/wp\/v2\/product\/917","targetHints":{"allow":["GET"]}}],"collection":[{"href":"https:\/\/icarosoulmelody.com\/index.php\/wp-json\/wp\/v2\/product"}],"about":[{"href":"https:\/\/icarosoulmelody.com\/index.php\/wp-json\/wp\/v2\/types\/product"}],"wp:featuredmedia":[{"embeddable":true,"href":"https:\/\/icarosoulmelody.com\/index.php\/wp-json\/wp\/v2\/media\/929"}],"wp:attachment":[{"href":"https:\/\/icarosoulmelody.com\/index.php\/wp-json\/wp\/v2\/media?parent=917"}],"wp:term":[{"taxonomy":"product_cat","embeddable":true,"href":"https:\/\/icarosoulmelody.com\/index.php\/wp-json\/wp\/v2\/product_cat?post=917"},{"taxonomy":"product_tag","embeddable":true,"href":"https:\/\/icarosoulmelody.com\/index.php\/wp-json\/wp\/v2\/product_tag?post=917"}],"curies":[{"name":"wp","href":"https:\/\/api.w.org\/{rel}","templated":true}]}}