{"id":882,"date":"2025-08-27T00:31:34","date_gmt":"2025-08-27T00:31:34","guid":{"rendered":"https:\/\/icarosoulmelody.com\/?post_type=product&#038;p=882"},"modified":"2025-08-27T01:01:22","modified_gmt":"2025-08-27T01:01:22","slug":"chakana-hoodie","status":"publish","type":"product","link":"https:\/\/icarosoulmelody.com\/index.php\/product\/chakana-hoodie\/","title":{"rendered":"CHAKANA HOODIE"},"content":{"rendered":"<p>Polera de 100% algod\u00f3n jersey peruano, con acabado sandwash que aporta suavidad y estilo \u00fanico.<br data-start=\"186\" data-end=\"189\" data-is-only-node=\"\" \/>Inspirada en la Chakana andina, s\u00edmbolo que representa la conexi\u00f3n entre lo terrenal y lo espiritual, la armon\u00eda y el equilibrio de la vida.<br data-start=\"333\" data-end=\"336\" \/>C\u00f3moda, vers\u00e1til y con identidad propia.<\/p>\n","protected":false},"excerpt":{"rendered":"<ul>\n<li>Franela 20\/1<\/li>\n<li>100% algod\u00f3n<\/li>\n<li>Estampado tacto 0<\/li>\n<li>Fit oversize\/ boxy<\/li>\n<\/ul>\n","protected":false},"featured_media":884,"template":"","meta":[],"product_cat":[30,32,24],"product_tag":[],"class_list":{"0":"post-882","1":"product","2":"type-product","3":"status-publish","4":"has-post-thumbnail","6":"product_cat-hoodies","7":"product_cat-the-world-is-ours","8":"product_cat-tops","10":"first","11":"instock","12":"shipping-taxable","13":"purchasable","14":"product-type-variable"},"_links":{"self":[{"href":"https:\/\/icarosoulmelody.com\/index.php\/wp-json\/wp\/v2\/product\/882","targetHints":{"allow":["GET"]}}],"collection":[{"href":"https:\/\/icarosoulmelody.com\/index.php\/wp-json\/wp\/v2\/product"}],"about":[{"href":"https:\/\/icarosoulmelody.com\/index.php\/wp-json\/wp\/v2\/types\/product"}],"wp:featuredmedia":[{"embeddable":true,"href":"https:\/\/icarosoulmelody.com\/index.php\/wp-json\/wp\/v2\/media\/884"}],"wp:attachment":[{"href":"https:\/\/icarosoulmelody.com\/index.php\/wp-json\/wp\/v2\/media?parent=882"}],"wp:term":[{"taxonomy":"product_cat","embeddable":true,"href":"https:\/\/icarosoulmelody.com\/index.php\/wp-json\/wp\/v2\/product_cat?post=882"},{"taxonomy":"product_tag","embeddable":true,"href":"https:\/\/icarosoulmelody.com\/index.php\/wp-json\/wp\/v2\/product_tag?post=882"}],"curies":[{"name":"wp","href":"https:\/\/api.w.org\/{rel}","templated":true}]}}