{"id":186,"date":"2024-07-25T02:08:14","date_gmt":"2024-07-25T02:08:14","guid":{"rendered":"https:\/\/icarosoulmelody.com\/?post_type=product&#038;p=186"},"modified":"2025-07-01T01:23:27","modified_gmt":"2025-07-01T01:23:27","slug":"skeleton-acid-heart-long-sleeve","status":"publish","type":"product","link":"https:\/\/icarosoulmelody.com\/index.php\/product\/skeleton-acid-heart-long-sleeve\/","title":{"rendered":"SKELETON ACID HEART LONG SLEEVE"},"content":{"rendered":"<div class=\"page\" title=\"Page 32\">\n<div class=\"section\">\n<div class=\"layoutArea\">\n<div class=\"column\">\n<div class=\"page\" title=\"Page 30\">\n<div class=\"section\">\n<div class=\"layoutArea\">\n<div class=\"column\">\n<p data-start=\"163\" data-end=\"365\">Polo manga larga en color negro, confeccionado en jersey peruano 100% algod\u00f3n.<br data-start=\"248\" data-end=\"251\" \/>La tela ha sido tratada para resistir el pilling, controlar el encogimiento y ofrecer un tacto suave y duradero.<\/p>\n<p data-start=\"367\" data-end=\"610\">Cuenta con un estampado completo de tacto cero, aplicado con tintes ecol\u00f3gicos, que recorre toda la prenda simulando un esqueleto met\u00e1lico y un brazo rob\u00f3tico, fusionando lo humano y lo mec\u00e1nico en una narrativa visual potente.<\/p>\n<\/div>\n<\/div>\n<\/div>\n<\/div>\n<\/div>\n<\/div>\n<\/div>\n<\/div>\n<p>&nbsp;<\/p>\n","protected":false},"excerpt":{"rendered":"<ul>\n<li>Jersey 20\/1<\/li>\n<li>100% Algod\u00f3n<\/li>\n<li>Pre-lavado<\/li>\n<li>Fit oversize<\/li>\n<li>Estampado Tacto 0<\/li>\n<\/ul>\n","protected":false},"featured_media":808,"template":"","meta":[],"product_cat":[29,31,24],"product_tag":[],"class_list":{"0":"post-186","1":"product","2":"type-product","3":"status-publish","4":"has-post-thumbnail","6":"product_cat-delusional","7":"product_cat-tees","8":"product_cat-tops","10":"first","11":"instock","12":"shipping-taxable","13":"purchasable","14":"product-type-variable"},"_links":{"self":[{"href":"https:\/\/icarosoulmelody.com\/index.php\/wp-json\/wp\/v2\/product\/186","targetHints":{"allow":["GET"]}}],"collection":[{"href":"https:\/\/icarosoulmelody.com\/index.php\/wp-json\/wp\/v2\/product"}],"about":[{"href":"https:\/\/icarosoulmelody.com\/index.php\/wp-json\/wp\/v2\/types\/product"}],"wp:featuredmedia":[{"embeddable":true,"href":"https:\/\/icarosoulmelody.com\/index.php\/wp-json\/wp\/v2\/media\/808"}],"wp:attachment":[{"href":"https:\/\/icarosoulmelody.com\/index.php\/wp-json\/wp\/v2\/media?parent=186"}],"wp:term":[{"taxonomy":"product_cat","embeddable":true,"href":"https:\/\/icarosoulmelody.com\/index.php\/wp-json\/wp\/v2\/product_cat?post=186"},{"taxonomy":"product_tag","embeddable":true,"href":"https:\/\/icarosoulmelody.com\/index.php\/wp-json\/wp\/v2\/product_tag?post=186"}],"curies":[{"name":"wp","href":"https:\/\/api.w.org\/{rel}","templated":true}]}}