{"id":3,"date":"2024-07-13T20:46:41","date_gmt":"2024-07-13T20:46:41","guid":{"rendered":"http:\/\/icarosoulmelody.com\/?page_id=3"},"modified":"2024-08-03T23:20:29","modified_gmt":"2024-08-03T23:20:29","slug":"politica-de-privacidad","status":"publish","type":"page","link":"https:\/\/icarosoulmelody.com\/index.php\/politica-de-privacidad\/","title":{"rendered":"Pol\u00edtica de Privacidad"},"content":{"rendered":"\t\t<div data-elementor-type=\"wp-page\" data-elementor-id=\"3\" class=\"elementor elementor-3\">\n\t\t\t\t<div class=\"elementor-element elementor-element-4b30dbc5 e-flex e-con-boxed e-con e-parent\" data-id=\"4b30dbc5\" data-element_type=\"container\">\n\t\t\t\t\t<div class=\"e-con-inner\">\n\t\t\t\t<div class=\"elementor-element elementor-element-c55249b elementor-widget elementor-widget-text-editor\" data-id=\"c55249b\" data-element_type=\"widget\" data-widget_type=\"text-editor.default\">\n\t\t\t\t<div class=\"elementor-widget-container\">\n\t\t\t<style>\/*! elementor - v3.23.0 - 15-07-2024 *\/\n.elementor-widget-text-editor.elementor-drop-cap-view-stacked .elementor-drop-cap{background-color:#69727d;color:#fff}.elementor-widget-text-editor.elementor-drop-cap-view-framed .elementor-drop-cap{color:#69727d;border:3px solid;background-color:transparent}.elementor-widget-text-editor:not(.elementor-drop-cap-view-default) .elementor-drop-cap{margin-top:8px}.elementor-widget-text-editor:not(.elementor-drop-cap-view-default) .elementor-drop-cap-letter{width:1em;height:1em}.elementor-widget-text-editor .elementor-drop-cap{float:left;text-align:center;line-height:1;font-size:50px}.elementor-widget-text-editor .elementor-drop-cap-letter{display:inline-block}<\/style>\t\t\t\t<p class=\"s7\"><span class=\"s2\">Fecha de entrada en vigor: <\/span><span class=\"s2\">30<\/span><span class=\"s2\"> \/ 07 \/ 2024<\/span><\/p><p class=\"s7\"><span class=\"s3\">Bienvenido a <\/span><a href=\"http:\/\/www.icarosoulmelody.com\/\"><span class=\"s8\">www.icarosoulmelody.com<\/span><\/a><span class=\"s3\">. <\/span><span class=\"s3\">En ICARO SOUL MELODY<\/span><span class=\"s3\">, <\/span><span class=\"s3\">valoramos su privacidad y estamos comprometidos a proteger su informaci\u00f3n personal. Esta pol\u00edtica de privacidad describe c\u00f3mo recopilamos, usamos, divulgamos y protegemos su informaci\u00f3n.<\/span><\/p><p class=\"s7\"><span class=\"s2\">1. Informaci\u00f3n que Recopilamos<\/span><\/p><div class=\"s6\"><span class=\"s9\">\u2022 <\/span><span class=\"s2\">Identificaci\u00f3n Personal:<\/span><span class=\"s3\"> Recopilamos su nombre, direcci\u00f3n de correo electr\u00f3nico, n\u00famero de tel\u00e9fono, direcci\u00f3n de env\u00edo y facturaci\u00f3n.<\/span><\/div><div class=\"s6\"><span class=\"s9\">\u2022 <\/span><span class=\"s2\">Uso del Sitio:<\/span><span class=\"s3\"> Recopilamos datos sobre c\u00f3mo utiliza nuestro Sitio, incluyendo direcci\u00f3n IP, tipo de navegador y p\u00e1ginas visitadas.<\/span><\/div><div class=\"s6\"><span class=\"s9\">\u2022 <\/span><span class=\"s2\">Transacciones:<\/span><span class=\"s3\"> Detalles sobre sus compras, incluyendo informaci\u00f3n de pago.<\/span><\/div><p class=\"s7\"><span class=\"s2\">2. Uso de la Informaci\u00f3n<\/span><\/p><p class=\"s7\"><span class=\"s3\">Utilizamos su informaci\u00f3n para:<\/span><\/p><div class=\"s6\"><span class=\"s9\">\u2022 <\/span><span class=\"s3\">Proveer y mejorar nuestros servicios.<\/span><\/div><div class=\"s6\"><span class=\"s9\">\u2022 <\/span><span class=\"s3\">Procesar y gestionar sus pedidos.<\/span><\/div><div class=\"s6\"><span class=\"s9\">\u2022 <\/span><span class=\"s3\">Comunicarnos con usted.<\/span><\/div><div class=\"s6\"><span class=\"s9\">\u2022 <\/span><span class=\"s3\">Proporcionar atenci\u00f3n al cliente.<\/span><\/div><div class=\"s6\"><span class=\"s9\">\u2022 <\/span><span class=\"s3\">Detectar y prevenir fraudes.<\/span><\/div><p class=\"s7\"><span class=\"s2\">3. Compartici\u00f3n de la Informaci\u00f3n<\/span><\/p><p class=\"s7\"><span class=\"s3\">Compartimos su informaci\u00f3n con:<\/span><\/p><div class=\"s6\"><span class=\"s9\">\u2022 <\/span><span class=\"s2\">Proveedores de Servicios:<\/span><span class=\"s3\"> Terceros que realizan servicios en nuestro nombre, como procesadores de pagos y empresas de env\u00edo.<\/span><\/div><div class=\"s6\"><span class=\"s9\">\u2022 <\/span><span class=\"s2\">Cumplimiento Legal:<\/span><span class=\"s3\"> Autoridades cuando sea requerido por la ley.<\/span><\/div><p class=\"s7\"><span class=\"s2\">4. Seguridad de la Informaci\u00f3n<\/span><\/p><p class=\"s7\"><span class=\"s3\">Adoptamos medidas razonables para proteger su informaci\u00f3n personal contra acceso no autorizado, divulgaci\u00f3n, alteraci\u00f3n y destrucci\u00f3n.<\/span><\/p><p class=\"s7\"><span class=\"s2\">5. Sus Derechos de Privacidad<\/span><\/p><p class=\"s7\"><span class=\"s3\">Dependiendo de su ubicaci\u00f3n, puede tener derechos como:<\/span><\/p><div class=\"s6\"><span class=\"s9\">\u2022 <\/span><span class=\"s3\">Acceder a su informaci\u00f3n.<\/span><\/div><div class=\"s6\"><span class=\"s9\">\u2022 <\/span><span class=\"s3\">Corregir o actualizar su informaci\u00f3n.<\/span><\/div><div class=\"s6\"><span class=\"s9\">\u2022 <\/span><span class=\"s3\">Solicitar la eliminaci\u00f3n de su informaci\u00f3n.<\/span><\/div><div class=\"s6\"><span class=\"s9\">\u2022 <\/span><span class=\"s3\">Oponerse al procesamiento de su informaci\u00f3n.<\/span><\/div><p class=\"s7\"><span class=\"s3\">Para ejercer estos derechos, cont\u00e1ctenos en info@icarosoulmelody.com<br \/><br \/><\/span><span class=\"s2\">6. Cookies y Tecnolog\u00edas Similares<\/span><\/p><p class=\"s7\"><span class=\"s3\">Utilizamos cookies para mejorar su experiencia. Puede configurar su navegador para rechazar cookies, aunque esto puede afectar la funcionalidad del Sitio.<\/span><\/p><p class=\"s7\"><span class=\"s2\">7. Cambios a esta Pol\u00edtica de Privacidad<\/span><\/p><p class=\"s7\"><span class=\"s3\">Podemos actualizar esta pol\u00edtica peri\u00f3dicamente. Le notificaremos cualquier cambio publicando la nueva pol\u00edtica en nuestro Sitio. Revise esta pol\u00edtica regularmente para estar informado sobre c\u00f3mo protegemos su informaci\u00f3n.<\/span><\/p><p class=\"s7\"><span class=\"s2\">8. Contacto<\/span><\/p><p class=\"s7\"><span class=\"s3\">Para preguntas sobre esta pol\u00edtica de privacidad, cont\u00e1ctenos a trav\u00e9s de:<br \/>Jr. cayalti 277, info@icarosoulmelody.com, 942012434<br \/><\/span><\/p><p class=\"s7\"><span class=\"s2\">ICARO SOUL MELODY<br \/><br \/><\/span><\/p><div class=\"s11\"><div class=\"s10\">\u00a0<\/div><\/div><p class=\"s7\"><span class=\"s2\">SOULS KNOWS<\/span><\/p>\t\t\t\t\t\t<\/div>\n\t\t\t\t<\/div>\n\t\t\t\t\t<\/div>\n\t\t\t\t<\/div>\n\t\t\t\t<\/div>\n\t\t","protected":false},"excerpt":{"rendered":"<p>Fecha de entrada en vigor: 30 \/ 07 \/ 2024 Bienvenido a www.icarosoulmelody.com. En ICARO SOUL MELODY, valoramos su privacidad y estamos comprometidos a proteger su informaci\u00f3n personal. Esta pol\u00edtica&hellip;<\/p>\n","protected":false},"author":1,"featured_media":0,"parent":0,"menu_order":0,"comment_status":"closed","ping_status":"closed","template":"","meta":{"footnotes":""},"class_list":["post-3","page","type-page","status-publish","hentry"],"_links":{"self":[{"href":"https:\/\/icarosoulmelody.com\/index.php\/wp-json\/wp\/v2\/pages\/3","targetHints":{"allow":["GET"]}}],"collection":[{"href":"https:\/\/icarosoulmelody.com\/index.php\/wp-json\/wp\/v2\/pages"}],"about":[{"href":"https:\/\/icarosoulmelody.com\/index.php\/wp-json\/wp\/v2\/types\/page"}],"author":[{"embeddable":true,"href":"https:\/\/icarosoulmelody.com\/index.php\/wp-json\/wp\/v2\/users\/1"}],"replies":[{"embeddable":true,"href":"https:\/\/icarosoulmelody.com\/index.php\/wp-json\/wp\/v2\/comments?post=3"}],"version-history":[{"count":8,"href":"https:\/\/icarosoulmelody.com\/index.php\/wp-json\/wp\/v2\/pages\/3\/revisions"}],"predecessor-version":[{"id":348,"href":"https:\/\/icarosoulmelody.com\/index.php\/wp-json\/wp\/v2\/pages\/3\/revisions\/348"}],"wp:attachment":[{"href":"https:\/\/icarosoulmelody.com\/index.php\/wp-json\/wp\/v2\/media?parent=3"}],"curies":[{"name":"wp","href":"https:\/\/api.w.org\/{rel}","templated":true}]}}