{"id":295,"date":"2024-07-31T01:36:01","date_gmt":"2024-07-31T01:36:01","guid":{"rendered":"https:\/\/icarosoulmelody.com\/?page_id=295"},"modified":"2024-08-03T23:17:33","modified_gmt":"2024-08-03T23:17:33","slug":"politica-de-envio","status":"publish","type":"page","link":"https:\/\/icarosoulmelody.com\/index.php\/politica-de-envio\/","title":{"rendered":"Pol\u00edtica de Env\u00edo"},"content":{"rendered":"\t\t<div data-elementor-type=\"wp-page\" data-elementor-id=\"295\" class=\"elementor elementor-295\">\n\t\t\t\t<div class=\"elementor-element elementor-element-4acf37e4 e-flex e-con-boxed e-con e-parent\" data-id=\"4acf37e4\" data-element_type=\"container\">\n\t\t\t\t\t<div class=\"e-con-inner\">\n\t\t\t\t<div class=\"elementor-element elementor-element-2e32c04f elementor-widget elementor-widget-text-editor\" data-id=\"2e32c04f\" data-element_type=\"widget\" data-widget_type=\"text-editor.default\">\n\t\t\t\t<div class=\"elementor-widget-container\">\n\t\t\t<style>\/*! elementor - v3.23.0 - 15-07-2024 *\/\n.elementor-widget-text-editor.elementor-drop-cap-view-stacked .elementor-drop-cap{background-color:#69727d;color:#fff}.elementor-widget-text-editor.elementor-drop-cap-view-framed .elementor-drop-cap{color:#69727d;border:3px solid;background-color:transparent}.elementor-widget-text-editor:not(.elementor-drop-cap-view-default) .elementor-drop-cap{margin-top:8px}.elementor-widget-text-editor:not(.elementor-drop-cap-view-default) .elementor-drop-cap-letter{width:1em;height:1em}.elementor-widget-text-editor .elementor-drop-cap{float:left;text-align:center;line-height:1;font-size:50px}.elementor-widget-text-editor .elementor-drop-cap-letter{display:inline-block}<\/style>\t\t\t\t<p class=\"s7\"><span class=\"s3\">En ICARO SOUL MELODY, nos comprometemos a entregar sus pedidos de manera r\u00e1pida y segura. A continuaci\u00f3n, encontrar\u00e1 informaci\u00f3n detallada sobre nuestras pol\u00edticas de env\u00edo.<\/span><\/p><p class=\"s7\"><span class=\"s2\">Procesamiento de Pedidos:<\/span><\/p><div class=\"s6\"><span class=\"s9\">\u2022 <\/span><span class=\"s3\">Todos los pedidos se procesan y env\u00edan dentro de 1-2 d\u00edas h\u00e1biles despu\u00e9s de recibir la confirmaci\u00f3n del pago.<\/span><\/div><div class=\"s6\"><span class=\"s9\">\u2022 <\/span><span class=\"s3\">No realizamos env\u00edos los fines de semana ni d\u00edas festivos.<\/span><\/div><div class=\"s6\"><span class=\"s4\">5. <\/span><span class=\"s5\">M\u00e9todos de Env\u00edo Disponibles:<\/span><\/div><p class=\"s7\"><span class=\"s3\">Ofrecemos los siguientes m\u00e9todos de env\u00edo para satisfacer sus necesidades:<\/span><\/p><div class=\"s6\">1. <span class=\"s2\">Env\u00edo Est\u00e1ndar:<\/span><span class=\"s3\"> Entrega dentro de 5-7 d\u00edas h\u00e1biles.<\/span><\/div><div class=\"s6\">2. <span class=\"s2\">Env\u00edo Expr\u00e9s:<\/span><span class=\"s3\"> Entrega dentro de 2-3 d\u00edas h\u00e1biles.<\/span><\/div><div class=\"s6\"><span class=\"s4\">6. <\/span><span class=\"s5\">Zonas de Env\u00edo:<\/span><\/div><p class=\"s7\"><span class=\"s3\">Realizamos env\u00edos a las siguientes zonas:<\/span><\/p><div class=\"s6\"><span class=\"s9\">\u2022 <\/span><span class=\"s2\">Nacional:<\/span><span class=\"s3\"> Enviamos a todas las regiones dentro del pa\u00eds.<\/span><\/div><div class=\"s6\"><span class=\"s9\">\u2022 <\/span><span class=\"s2\">Internacional:<\/span><span class=\"s3\"> Enviamos a una selecci\u00f3n de pa\u00edses. Consulte nuestra lista de pa\u00edses disponibles al realizar el pedido.<\/span><\/div><div class=\"s6\"><span class=\"s4\">7. <\/span><span class=\"s5\">Costos de Env\u00edo:<\/span><\/div><p class=\"s7\"><span class=\"s3\">Los costos de env\u00edo se calculan autom\u00e1ticamente al momento de la compra y se basan en la ubicaci\u00f3n de entrega y el m\u00e9todo de env\u00edo seleccionado. A continuaci\u00f3n, se presenta un ejemplo de nuestros costos de env\u00edo:<\/span><\/p><div class=\"s6\"><span class=\"s9\">\u2022 <\/span><span class=\"s2\">Env\u00edo Est\u00e1ndar Nacional:<\/span> <span class=\"s3\">S\/. <\/span><span class=\"s3\">1<\/span><span class=\"s3\">2.00<\/span><\/div><div class=\"s6\"><span class=\"s9\">\u2022 <\/span><span class=\"s2\">Env\u00edo Expr\u00e9s Nacional:<\/span> <span class=\"s3\">S\/. 20.00<\/span><\/div><div class=\"s6\"><span class=\"s9\">\u2022 <\/span><span class=\"s2\">Env\u00edo Est\u00e1ndar Internacional:<\/span><span class=\"s3\"> $<\/span><span class=\"s3\">23<\/span><span class=\"s3\">.00<\/span><\/div><p class=\"s7\"><span class=\"s2\">Tiempo Estimado de Entrega:<\/span><\/p><div class=\"s6\"><span class=\"s9\">\u2022 <\/span><span class=\"s2\">Nacional:<\/span><span class=\"s3\"> 5-7 d\u00edas h\u00e1biles para env\u00edo est\u00e1ndar<\/span><span class=\"s3\"> y <\/span><span class=\"s3\">2-3 d\u00edas h\u00e1biles para env\u00edo expr\u00e9s<\/span><span class=\"s3\">.<\/span><\/div><div class=\"s6\"><span class=\"s9\">\u2022 <\/span><span class=\"s2\">Internacional:<\/span><span class=\"s3\"> 7-14 d\u00edas h\u00e1biles para env\u00edo est\u00e1ndar<\/span><span class=\"s3\"> y <\/span><span class=\"s3\">3-5 d\u00edas h\u00e1biles para env\u00edo expr\u00e9s.<\/span><\/div><p class=\"s7\"><span class=\"s3\">Tenga en cuenta que estos tiempos de entrega son estimados y pueden variar debido a factores externos como demoras aduaneras, condiciones clim\u00e1ticas y otros imprevistos.<\/span><\/p><div class=\"s7\"><div class=\"s10\">\u00a0<\/div><\/div><p class=\"s7\"><span class=\"s3\">Si tiene alguna pregunta o necesita asistencia con su pedido, no dude en contactarnos en info@icarosoulmelody.com o 942012434<\/span><\/p><div class=\"s7\"><div class=\"s10\">\u00a0<\/div><\/div><p class=\"s7\"><span class=\"s2\">SOULS KNOW<\/span><\/p>\t\t\t\t\t\t<\/div>\n\t\t\t\t<\/div>\n\t\t\t\t\t<\/div>\n\t\t\t\t<\/div>\n\t\t\t\t<\/div>\n\t\t","protected":false},"excerpt":{"rendered":"<p>En ICARO SOUL MELODY, nos comprometemos a entregar sus pedidos de manera r\u00e1pida y segura. A continuaci\u00f3n, encontrar\u00e1 informaci\u00f3n detallada sobre nuestras pol\u00edticas de env\u00edo. Procesamiento de Pedidos: \u2022 Todos&hellip;<\/p>\n","protected":false},"author":1,"featured_media":0,"parent":0,"menu_order":0,"comment_status":"closed","ping_status":"closed","template":"","meta":{"footnotes":""},"class_list":["post-295","page","type-page","status-publish","hentry"],"_links":{"self":[{"href":"https:\/\/icarosoulmelody.com\/index.php\/wp-json\/wp\/v2\/pages\/295","targetHints":{"allow":["GET"]}}],"collection":[{"href":"https:\/\/icarosoulmelody.com\/index.php\/wp-json\/wp\/v2\/pages"}],"about":[{"href":"https:\/\/icarosoulmelody.com\/index.php\/wp-json\/wp\/v2\/types\/page"}],"author":[{"embeddable":true,"href":"https:\/\/icarosoulmelody.com\/index.php\/wp-json\/wp\/v2\/users\/1"}],"replies":[{"embeddable":true,"href":"https:\/\/icarosoulmelody.com\/index.php\/wp-json\/wp\/v2\/comments?post=295"}],"version-history":[{"count":7,"href":"https:\/\/icarosoulmelody.com\/index.php\/wp-json\/wp\/v2\/pages\/295\/revisions"}],"predecessor-version":[{"id":345,"href":"https:\/\/icarosoulmelody.com\/index.php\/wp-json\/wp\/v2\/pages\/295\/revisions\/345"}],"wp:attachment":[{"href":"https:\/\/icarosoulmelody.com\/index.php\/wp-json\/wp\/v2\/media?parent=295"}],"curies":[{"name":"wp","href":"https:\/\/api.w.org\/{rel}","templated":true}]}}