{"id":13,"date":"2024-07-19T16:09:30","date_gmt":"2024-07-19T16:09:30","guid":{"rendered":"https:\/\/icarosoulmelody.com\/?page_id=13"},"modified":"2024-07-31T01:28:17","modified_gmt":"2024-07-31T01:28:17","slug":"terminos-y-condiciones","status":"publish","type":"page","link":"https:\/\/icarosoulmelody.com\/index.php\/terminos-y-condiciones\/","title":{"rendered":"T\u00e9rminos y Condiciones\u00a0"},"content":{"rendered":"\t\t<div data-elementor-type=\"wp-page\" data-elementor-id=\"13\" class=\"elementor elementor-13\">\n\t\t\t\t<div class=\"elementor-element elementor-element-4acf37e4 e-flex e-con-boxed e-con e-parent\" data-id=\"4acf37e4\" data-element_type=\"container\">\n\t\t\t\t\t<div class=\"e-con-inner\">\n\t\t\t\t<div class=\"elementor-element elementor-element-2e32c04f elementor-widget elementor-widget-text-editor\" data-id=\"2e32c04f\" data-element_type=\"widget\" data-widget_type=\"text-editor.default\">\n\t\t\t\t<div class=\"elementor-widget-container\">\n\t\t\t<style>\/*! elementor - v3.23.0 - 15-07-2024 *\/\n.elementor-widget-text-editor.elementor-drop-cap-view-stacked .elementor-drop-cap{background-color:#69727d;color:#fff}.elementor-widget-text-editor.elementor-drop-cap-view-framed .elementor-drop-cap{color:#69727d;border:3px solid;background-color:transparent}.elementor-widget-text-editor:not(.elementor-drop-cap-view-default) .elementor-drop-cap{margin-top:8px}.elementor-widget-text-editor:not(.elementor-drop-cap-view-default) .elementor-drop-cap-letter{width:1em;height:1em}.elementor-widget-text-editor .elementor-drop-cap{float:left;text-align:center;line-height:1;font-size:50px}.elementor-widget-text-editor .elementor-drop-cap-letter{display:inline-block}<\/style>\t\t\t\t<p class=\"s7\"><span class=\"s2\">Fecha de entrada en vigor: <\/span><span class=\"s2\">30<\/span><span class=\"s2\"> \/ 07 \/ 2024<\/span><\/p>\n<p class=\"s7\"><span class=\"s3\">Bienvenido a <\/span><a href=\"http:\/\/www.icarosoulmelody.com\/\"><span class=\"s8\">www.icarosoulmelody.com<\/span><\/a><span class=\"s3\">, el sitio web de ICARO SOUL MELODY<\/span><span class=\"s3\">. <\/span><span class=\"s3\">Al utilizar nuestro Sitio, usted acepta cumplir con los siguientes t\u00e9rminos y condiciones.<\/span><\/p>\n<p class=\"s7\"><span class=\"s2\">1. Elegibilidad<\/span><\/p>\n<p class=\"s7\"><span class=\"s3\">Debe ser mayor de 18 a\u00f1os o utilizar el Sitio bajo la supervisi\u00f3n de un padre o tutor legal.<\/span><\/p>\n<p class=\"s7\"><span class=\"s2\">2. Cuenta de Usuario<\/span><\/p>\n<p class=\"s7\"><span class=\"s3\">Para acceder a ciertas funciones, puede necesitar crear una cuenta. Usted es responsable de mantener la confidencialidad de su cuenta y proporcionar informaci\u00f3n precisa.<\/span><\/p>\n<p class=\"s7\"><span class=\"s2\">3. Pedidos y Pagos<\/span><\/p>\n<div class=\"s6\"><span class=\"s9\">\u2022 <\/span><span class=\"s2\">Pedidos:<\/span><span class=\"s3\"> Todos los pedidos est\u00e1n sujetos a disponibilidad y nuestra aceptaci\u00f3n.<\/span><\/div>\n<div class=\"s6\"><span class=\"s9\">\u2022 <\/span><span class=\"s2\">Precios:<\/span><span class=\"s3\"> Los precios incluyen impuestos <\/span><span class=\"s3\">aplicables,<\/span><span class=\"s3\"> pero no los gastos de env\u00edo.<\/span><\/div>\n<div class=\"s6\"><span class=\"s9\">\u2022 <\/span><span class=\"s2\">Pago:<\/span><span class=\"s3\"> Aceptamos varios m\u00e9todos de pago. Usted es responsable de todos los cargos incurridos.<\/span><\/div>\n<p class=\"s7\"><span class=\"s2\">4. Env\u00edos y Devoluciones<\/span><\/p>\n<div class=\"s6\"><span class=\"s9\">\u2022 <\/span><span class=\"s2\">Env\u00edos:<\/span><span class=\"s3\"> Los tiempos de env\u00edo var\u00edan. No somos responsables por demoras fuera de nuestro control.<\/span><\/div>\n<div class=\"s6\"><span class=\"s9\">\u2022 <\/span><span class=\"s2\">Devoluciones:<\/span><span class=\"s3\"> Aceptamos devoluciones dentro de <\/span><span class=\"s3\">7<\/span><span class=\"s3\"> d\u00edas si los productos est\u00e1n en su estado original. Los gastos de env\u00edo de devoluci\u00f3n son responsabilidad del cliente, salvo productos defectuosos o incorrectos.<\/span><\/div>\n<p class=\"s7\"><span class=\"s2\">5. Propiedad Intelectual<\/span><\/p>\n<p class=\"s7\"><span class=\"s3\">Todo el contenido del Sitio es propiedad de ICARO SOUL MELODY o sus proveedores de contenido y est\u00e1 protegido por leyes de propiedad intelectual. No puede usar el contenido sin permiso.<\/span><\/p>\n<p class=\"s7\"><span class=\"s2\">6. Limitaci\u00f3n de Responsabilidad<\/span><\/p>\n<p class=\"s7\"><span class=\"s3\">No somos responsables por da\u00f1os resultantes del uso o imposibilidad de uso de nuestro Sitio.<\/span><\/p>\n<p class=\"s7\"><span class=\"s2\">7. Enlaces a Sitios de Terceros<\/span><\/p>\n<p class=\"s7\"><span class=\"s3\">No somos responsables por el contenido y las pol\u00edticas de privacidad de sitios web de terceros enlazados desde nuestro Sitio.<\/span><\/p>\n<p class=\"s7\"><span class=\"s2\">8. Modificaciones a los T\u00e9rminos<\/span><\/p>\n<p class=\"s7\"><span class=\"s3\">Nos reservamos el derecho de modificar estos T\u00e9rminos en cualquier momento. Las modificaciones ser\u00e1n efectivas inmediatamente despu\u00e9s de su publicaci\u00f3n en el Sitio.<\/span><\/p>\n<p class=\"s7\"><span class=\"s2\">9. Ley Aplicable<\/span><\/p>\n<p class=\"s7\"><span class=\"s3\">Estos T\u00e9rminos se rigen por las leyes de <\/span><span class=\"s3\">Lima &#8211; Per\u00fa<\/span><\/p>\n<p class=\"s7\"><span class=\"s2\">Contacto<\/span><\/p>\n<p class=\"s7\"><span class=\"s3\">Si tiene preguntas sobre estos T\u00e9rminos, puede contactarnos a trav\u00e9s de:<\/span><\/p>\n<p class=\"s7\"><span class=\"s2\">ICARO SOUL MELODY<\/span><span class=\"s3\"> [Direcci\u00f3n f\u00edsica] [Correo electr\u00f3nico] [Tel\u00e9fono]<\/span><\/p>\t\t\t\t\t\t<\/div>\n\t\t\t\t<\/div>\n\t\t\t\t\t<\/div>\n\t\t\t\t<\/div>\n\t\t\t\t<\/div>\n\t\t","protected":false},"excerpt":{"rendered":"<p>Fecha de entrada en vigor: 30 \/ 07 \/ 2024 Bienvenido a www.icarosoulmelody.com, el sitio web de ICARO SOUL MELODY. Al utilizar nuestro Sitio, usted acepta cumplir con los siguientes&hellip;<\/p>\n","protected":false},"author":1,"featured_media":0,"parent":0,"menu_order":0,"comment_status":"closed","ping_status":"closed","template":"","meta":{"footnotes":""},"class_list":["post-13","page","type-page","status-publish","hentry"],"_links":{"self":[{"href":"https:\/\/icarosoulmelody.com\/index.php\/wp-json\/wp\/v2\/pages\/13","targetHints":{"allow":["GET"]}}],"collection":[{"href":"https:\/\/icarosoulmelody.com\/index.php\/wp-json\/wp\/v2\/pages"}],"about":[{"href":"https:\/\/icarosoulmelody.com\/index.php\/wp-json\/wp\/v2\/types\/page"}],"author":[{"embeddable":true,"href":"https:\/\/icarosoulmelody.com\/index.php\/wp-json\/wp\/v2\/users\/1"}],"replies":[{"embeddable":true,"href":"https:\/\/icarosoulmelody.com\/index.php\/wp-json\/wp\/v2\/comments?post=13"}],"version-history":[{"count":5,"href":"https:\/\/icarosoulmelody.com\/index.php\/wp-json\/wp\/v2\/pages\/13\/revisions"}],"predecessor-version":[{"id":286,"href":"https:\/\/icarosoulmelody.com\/index.php\/wp-json\/wp\/v2\/pages\/13\/revisions\/286"}],"wp:attachment":[{"href":"https:\/\/icarosoulmelody.com\/index.php\/wp-json\/wp\/v2\/media?parent=13"}],"curies":[{"name":"wp","href":"https:\/\/api.w.org\/{rel}","templated":true}]}}